{"id":12830,"date":"2024-12-05T23:27:44","date_gmt":"2024-12-05T23:27:44","guid":{"rendered":"https:\/\/fibronaval.cl\/?post_type=product&#038;p=12830"},"modified":"2025-01-10T18:38:00","modified_gmt":"2025-01-10T18:38:00","slug":"aleta-ajustable-modelo-kripton","status":"publish","type":"product","link":"https:\/\/fibronaval.cl\/index.php\/product\/aleta-ajustable-modelo-kripton\/","title":{"rendered":"ALETA AJUSTABLE MODELO KRIPTON"},"content":{"rendered":"<p>MARCA: CABOSUB<br \/>\nTALLAS:<br \/>\nS\/M: 36-39<br \/>\nM\/L: 40-43<br \/>\nL\/XL: 44-45<\/p>\n","protected":false},"excerpt":{"rendered":"<p>ALETA AJUSTABLE MODELO KRIPTON DISE\u00d1ADAS CON MATERIALES: GOMA EN LA ZONA DEL PIE PARA RESISTIR LA CORROSI\u00d3N MARINA Y UNA PALA DE PL\u00c1STICO DE 60 CM PARA UNA MAYOR DURABILIDAD Y DESPLAZAMIENTO EN EL AGUA.<\/p>\n","protected":false},"featured_media":12831,"comment_status":"open","ping_status":"closed","template":"","meta":[],"product_cat":[129],"product_tag":[],"class_list":{"0":"post-12830","1":"product","2":"type-product","3":"status-publish","4":"has-post-thumbnail","6":"product_cat-buceo","7":"description-off","9":"first","10":"instock","11":"shipping-taxable","12":"product-type-simple"},"_links":{"self":[{"href":"https:\/\/fibronaval.cl\/index.php\/wp-json\/wp\/v2\/product\/12830","targetHints":{"allow":["GET"]}}],"collection":[{"href":"https:\/\/fibronaval.cl\/index.php\/wp-json\/wp\/v2\/product"}],"about":[{"href":"https:\/\/fibronaval.cl\/index.php\/wp-json\/wp\/v2\/types\/product"}],"replies":[{"embeddable":true,"href":"https:\/\/fibronaval.cl\/index.php\/wp-json\/wp\/v2\/comments?post=12830"}],"wp:featuredmedia":[{"embeddable":true,"href":"https:\/\/fibronaval.cl\/index.php\/wp-json\/wp\/v2\/media\/12831"}],"wp:attachment":[{"href":"https:\/\/fibronaval.cl\/index.php\/wp-json\/wp\/v2\/media?parent=12830"}],"wp:term":[{"taxonomy":"product_cat","embeddable":true,"href":"https:\/\/fibronaval.cl\/index.php\/wp-json\/wp\/v2\/product_cat?post=12830"},{"taxonomy":"product_tag","embeddable":true,"href":"https:\/\/fibronaval.cl\/index.php\/wp-json\/wp\/v2\/product_tag?post=12830"}],"curies":[{"name":"wp","href":"https:\/\/api.w.org\/{rel}","templated":true}]}}