{"id":12849,"date":"2024-12-05T23:44:35","date_gmt":"2024-12-05T23:44:35","guid":{"rendered":"https:\/\/fibronaval.cl\/?post_type=product&#038;p=12849"},"modified":"2024-12-05T23:44:35","modified_gmt":"2024-12-05T23:44:35","slug":"radio-vhf-base-uniden-um385","status":"publish","type":"product","link":"https:\/\/fibronaval.cl\/index.php\/product\/radio-vhf-base-uniden-um385\/","title":{"rendered":"RADIO VHF BASE UNIDEN UM385"},"content":{"rendered":"<p>POTENCIA DE TRANSMISI\u00d3N: ALTA: 25W<br \/>\nFRECUENCIA: 156.025 MHZ \u2013 157.425 MHZ (CANALES MARINOS VHF EST\u00c1NDAR)<br \/>\nPANTALLA: LCD RETROILUMINADA DE F\u00c1CIL LECTURA, INCLUSO EN CONDICIONES DE BAJA LUMINOSIDAD.<br \/>\nRESISTENCIA AL AGUA: CERTIFICACI\u00d3N IPX7, LO QUE SIGNIFICA QUE EL RADIO ES RESISTENTE AL AGUA Y PUEDE SUMERGIRSE HASTA 1 METRO DE PROFUNDIDAD DURANTE 30 MINUTOS SIN SUFRIR DA\u00d1OS.<br \/>\nDIMENSIONES: ALTO: 119 MM, ANCHO: 54 MM, PROFUNDIDAD: 150 MM<br \/>\nPESO: APROXIMADAMENTE 450 G (SIN ACCESORIOS)<\/p>\n","protected":false},"excerpt":{"rendered":"<p>EL RADIO VHF UM 385 OFRECE COMUNICACIONES CLARAS Y CONFIABLES EN EL MAR, CON UN DISE\u00d1O COMPACTO Y F\u00c1CIL DE USAR. SU EXCELENTE RECEPCI\u00d3N Y TRANSMISI\u00d3N GARANTIZAN UNA COMUNICACI\u00d3N EFICIENTE, MIENTRAS QUE SU BOT\u00d3N DE EMERGENCIA PERMITE SOLICITAR AYUDA R\u00c1PIDAMENTE EN SITUACIONES CR\u00cdTICAS. EQUIPADO CON UN TRANSCEPTOR DE ALTO RENDIMIENTO ASEGURANDO COMUNICACIONES SIN INTERRUPCIONES. (NO INCLUYE ANTENA VHF NI BASE)<\/p>\n","protected":false},"featured_media":12850,"comment_status":"open","ping_status":"closed","template":"","meta":[],"product_cat":[15],"product_tag":[],"class_list":{"0":"post-12849","1":"product","2":"type-product","3":"status-publish","4":"has-post-thumbnail","6":"product_cat-uncategorized","7":"description-off","9":"first","10":"instock","11":"shipping-taxable","12":"product-type-simple"},"_links":{"self":[{"href":"https:\/\/fibronaval.cl\/index.php\/wp-json\/wp\/v2\/product\/12849","targetHints":{"allow":["GET"]}}],"collection":[{"href":"https:\/\/fibronaval.cl\/index.php\/wp-json\/wp\/v2\/product"}],"about":[{"href":"https:\/\/fibronaval.cl\/index.php\/wp-json\/wp\/v2\/types\/product"}],"replies":[{"embeddable":true,"href":"https:\/\/fibronaval.cl\/index.php\/wp-json\/wp\/v2\/comments?post=12849"}],"wp:featuredmedia":[{"embeddable":true,"href":"https:\/\/fibronaval.cl\/index.php\/wp-json\/wp\/v2\/media\/12850"}],"wp:attachment":[{"href":"https:\/\/fibronaval.cl\/index.php\/wp-json\/wp\/v2\/media?parent=12849"}],"wp:term":[{"taxonomy":"product_cat","embeddable":true,"href":"https:\/\/fibronaval.cl\/index.php\/wp-json\/wp\/v2\/product_cat?post=12849"},{"taxonomy":"product_tag","embeddable":true,"href":"https:\/\/fibronaval.cl\/index.php\/wp-json\/wp\/v2\/product_tag?post=12849"}],"curies":[{"name":"wp","href":"https:\/\/api.w.org\/{rel}","templated":true}]}}