{"id":12853,"date":"2024-12-05T23:48:05","date_gmt":"2024-12-05T23:48:05","guid":{"rendered":"https:\/\/fibronaval.cl\/?post_type=product&#038;p=12853"},"modified":"2024-12-05T23:48:05","modified_gmt":"2024-12-05T23:48:05","slug":"chaleco-tipo-iii-ullrich","status":"publish","type":"product","link":"https:\/\/fibronaval.cl\/index.php\/product\/chaleco-tipo-iii-ullrich\/","title":{"rendered":"CHALECO TIPO III ULLRICH"},"content":{"rendered":"<ul>\n<li>MATERIAL INT Y EXT: TELA OXFORD<\/li>\n<li>FLOTABILIDAD: ESPUMA DE POLIESTIRENO ETILENO<\/li>\n<li>AJUSTE: CUENTA CON UN PECTORAL Y DOS CORREAS ABDOMINALES, EQUIPADOS CON<\/li>\n<\/ul>\n<p>HEBILLAS TIPO TIP TOP DE 38 MM.<\/p>\n<p>TALLA: L<\/p>\n","protected":false},"excerpt":{"rendered":"<p>DISE\u00d1ADO PARA EMBARCACIONES COSTERAS Y ACTIVIDADES DE DEPORTES N\u00c1UTICOS, IDEAL PARA ZONAS DONDE EL RESCATE PUEDE REALIZARSE R\u00c1PIDAMENTE.<\/p>\n","protected":false},"featured_media":12854,"comment_status":"open","ping_status":"closed","template":"","meta":[],"product_cat":[15],"product_tag":[],"class_list":{"0":"post-12853","1":"product","2":"type-product","3":"status-publish","4":"has-post-thumbnail","6":"product_cat-uncategorized","7":"description-off","9":"first","10":"instock","11":"shipping-taxable","12":"product-type-simple"},"_links":{"self":[{"href":"https:\/\/fibronaval.cl\/index.php\/wp-json\/wp\/v2\/product\/12853","targetHints":{"allow":["GET"]}}],"collection":[{"href":"https:\/\/fibronaval.cl\/index.php\/wp-json\/wp\/v2\/product"}],"about":[{"href":"https:\/\/fibronaval.cl\/index.php\/wp-json\/wp\/v2\/types\/product"}],"replies":[{"embeddable":true,"href":"https:\/\/fibronaval.cl\/index.php\/wp-json\/wp\/v2\/comments?post=12853"}],"wp:featuredmedia":[{"embeddable":true,"href":"https:\/\/fibronaval.cl\/index.php\/wp-json\/wp\/v2\/media\/12854"}],"wp:attachment":[{"href":"https:\/\/fibronaval.cl\/index.php\/wp-json\/wp\/v2\/media?parent=12853"}],"wp:term":[{"taxonomy":"product_cat","embeddable":true,"href":"https:\/\/fibronaval.cl\/index.php\/wp-json\/wp\/v2\/product_cat?post=12853"},{"taxonomy":"product_tag","embeddable":true,"href":"https:\/\/fibronaval.cl\/index.php\/wp-json\/wp\/v2\/product_tag?post=12853"}],"curies":[{"name":"wp","href":"https:\/\/api.w.org\/{rel}","templated":true}]}}